{"id":53,"date":"2022-05-24T08:33:17","date_gmt":"2022-05-24T08:33:17","guid":{"rendered":"https:\/\/shopatazalea.com\/?page_id=53"},"modified":"2024-03-13T18:08:52","modified_gmt":"2024-03-14T01:08:52","slug":"about-us","status":"publish","type":"page","link":"https:\/\/shopatazalea.com\/es\/about-us\/","title":{"rendered":"About Us"},"content":{"rendered":"<p>[et_pb_section fb_built=&#8221;1&#8243; _builder_version=&#8221;4.17.3&#8243; _module_preset=&#8221;default&#8221; width=&#8221;100{dfff4297facf792e6290b8da5d7cb25c5ffc1f5cd116b78856aea9b3b2916910}&#8221; max_width=&#8221;100{dfff4297facf792e6290b8da5d7cb25c5ffc1f5cd116b78856aea9b3b2916910}&#8221; module_alignment=&#8221;left&#8221; min_height=&#8221;988.7px&#8221; custom_padding=&#8221;0px||0px|||&#8221; global_colors_info=&#8221;{}&#8221;][et_pb_row column_structure=&#8221;3_5,2_5&#8243; _builder_version=&#8221;4.17.3&#8243; _module_preset=&#8221;default&#8221; min_height=&#8221;928.7px&#8221; custom_padding=&#8221;80px||43px|||&#8221; global_colors_info=&#8221;{}&#8221;][et_pb_column type=&#8221;3_5&#8243; _builder_version=&#8221;4.17.3&#8243; _module_preset=&#8221;default&#8221; global_colors_info=&#8221;{}&#8221;][et_pb_image src=&#8221;https:\/\/shopatazalea.com\/wp-content\/uploads\/2022\/05\/about-1-1.jpg&#8221; title_text=&#8221;about-1&#8243; _builder_version=&#8221;4.17.3&#8243; _module_preset=&#8221;default&#8221; global_colors_info=&#8221;{}&#8221;][\/et_pb_image][et_pb_image src=&#8221;https:\/\/shopatazalea.com\/wp-content\/uploads\/2022\/05\/about-2.jpg&#8221; title_text=&#8221;about-2&#8243; _builder_version=&#8221;4.17.3&#8243; _module_preset=&#8221;default&#8221; custom_padding=&#8221;0px|||||&#8221; global_colors_info=&#8221;{}&#8221;][\/et_pb_image][\/et_pb_column][et_pb_column type=&#8221;2_5&#8243; _builder_version=&#8221;4.17.3&#8243; _module_preset=&#8221;default&#8221; global_colors_info=&#8221;{}&#8221;][df_adh_heading title_prefix=&#8221;about us&#8221; _builder_version=&#8221;4.17.3&#8243; _module_preset=&#8221;default&#8221; title_level=&#8221;h1&#8243; title_text_align=&#8221;left&#8221; title_text_color=&#8221;#000000&#8243; title_font_size=&#8221;32px&#8221; t_prefix_text_align=&#8221;left&#8221; module_alignment=&#8221;left&#8221; custom_padding=&#8221;0px||||false|false&#8221; global_colors_info=&#8221;{}&#8221;][\/df_adh_heading][et_pb_text _builder_version=&#8221;4.17.3&#8243; _module_preset=&#8221;default&#8221; custom_padding=&#8221;0px|0px||0px|false|false&#8221; custom_padding_tablet=&#8221;0px||||false|false&#8221; custom_padding_phone=&#8221;0px||||false|false&#8221; custom_padding_last_edited=&#8221;on|desktop&#8221; global_colors_info=&#8221;{}&#8221;]<\/p>\n<p>azalea Regional Shopping Center es un proyecto \u00fanico que florece en la ciudad de South Gate. El centro es uno de los muchos proyectos impactantes de Primestor Development que ha creado miles de empleos permanentes, ha conectado comunidades y alberga algunas de las tiendas de mejor rendimiento en la naci\u00f3n.\u200b<\/p>\n<p>Lo que una vez fue un espacio de 32 acres infrautilizado y vac\u00edo, ahora es uno de los hitos m\u00e1s concurridos y reconocibles de la ciudad. azalea es un centro comunitario que ofrece una experiencia \u00fanica de compras y gastronom\u00eda, con fuentes de agua, muros de plantas vivas, una amplia plaza abierta, Wi-Fi gratuito y \u00e1reas verdes de reuni\u00f3n. Incorpora tanto arquitectura moderna como iniciativas sostenibles que complementan la identidad \u00fanica de South Gate.\u200b<\/p>\n<p>Con 37 minoristas y restaurantes, azalea es un lugar integral para salud y belleza, materiales y suministros, las \u00faltimas tendencias de moda, gastronom\u00eda y m\u00e1s. El centro organiza eventos comunitarios gratuitos orientados a la familia durante todo el a\u00f1o que brindan diversas experiencias memorables y agradables.\u200b<\/p>\n<p>azalea Regional Shopping Center espera contar con tu visita.\u200b<\/p>\n<p>[\/et_pb_text][\/et_pb_column][\/et_pb_row][\/et_pb_section]<\/p>","protected":false},"excerpt":{"rendered":"<p><div class=\"et_pb_module df_adh_heading df_adh_heading_0\">\n\t\t\t\t\n\t\t\t\t\n\t\t\t\t\n\t\t\t\t\n\t\t\t\t\n\t\t\t\t\n\t\t\t\t<div class=\"et_pb_module_inner\">\n\t\t\t\t\t<div class=\"df-heading-container\">\r\n                \r\n                \r\n                <h1 class=\"df-heading\"><span class=\"prefix\">sobre nosotros<\/span>  <\/h1>\r\n                \r\n            <\/div>\n\t\t\t\t<\/div>\n\t\t\t<\/div>azalea Regional Shopping Center is a one-of-a kind project blooming in the city of South Gate. The center is one of the many impactful projects of Primestor Development that has created thousands of permanent jobs, connected communities, and homes some of the highest [&hellip;]<\/p>","protected":false},"author":1,"featured_media":0,"parent":0,"menu_order":0,"comment_status":"closed","ping_status":"closed","template":"","meta":{"_et_pb_use_builder":"on","_et_pb_old_content":"","_et_gb_content_width":"","footnotes":""},"class_list":["post-53","page","type-page","status-publish","hentry"],"_links":{"self":[{"href":"https:\/\/shopatazalea.com\/es\/wp-json\/wp\/v2\/pages\/53","targetHints":{"allow":["GET"]}}],"collection":[{"href":"https:\/\/shopatazalea.com\/es\/wp-json\/wp\/v2\/pages"}],"about":[{"href":"https:\/\/shopatazalea.com\/es\/wp-json\/wp\/v2\/types\/page"}],"author":[{"embeddable":true,"href":"https:\/\/shopatazalea.com\/es\/wp-json\/wp\/v2\/users\/1"}],"replies":[{"embeddable":true,"href":"https:\/\/shopatazalea.com\/es\/wp-json\/wp\/v2\/comments?post=53"}],"version-history":[{"count":11,"href":"https:\/\/shopatazalea.com\/es\/wp-json\/wp\/v2\/pages\/53\/revisions"}],"predecessor-version":[{"id":1002,"href":"https:\/\/shopatazalea.com\/es\/wp-json\/wp\/v2\/pages\/53\/revisions\/1002"}],"wp:attachment":[{"href":"https:\/\/shopatazalea.com\/es\/wp-json\/wp\/v2\/media?parent=53"}],"curies":[{"name":"wp","href":"https:\/\/api.w.org\/{rel}","templated":true}]}}